{"id":788,"date":"2022-10-26T14:38:42","date_gmt":"2022-10-26T18:38:42","guid":{"rendered":"https:\/\/rumchata.graphical-media.com\/acceptable-use-policy\/"},"modified":"2022-11-01T14:59:50","modified_gmt":"2022-11-01T18:59:50","slug":"politique-utilisation-acceptable","status":"publish","type":"page","link":"https:\/\/www.rumchata.ca\/fr\/politique-utilisation-acceptable\/","title":{"rendered":"Politique d&#8217;utilisation acceptable"},"content":{"rendered":"\n<h2 class=\"wp-block-heading\"><strong>I<strong>ntroduction<\/strong><\/strong><\/h2>\n\n\n\n<p>Cette Politique d&#8217;utilisation acceptable (\u00ab&nbsp;PUA&nbsp;\u00bb) favorise l\u2019utilisation responsable du site Web (\u00ab&nbsp;site&nbsp;\u00bb) de la MARQUE (\u00ab&nbsp;MARQUE&nbsp;\u00bb ou \u00ab&nbsp;nous&nbsp;\u00bb) et de toute fonction ou fonctionnalit\u00e9 rendue disponible au moyen du site Web de la MARQUE (site). La PUA est incorpor\u00e9e par renvoi aux Conditions d\u2019utilisation de notre site. Les termes en majuscules non d\u00e9finis dans le pr\u00e9sent document auront la signification qui leur est attribu\u00e9e dans les Conditions d\u2019utilisation. L\u2019objectif de cette PUA consiste \u00e0 d\u00e9terminer le type d\u2019intervention et de contenu qui ne s\u2019harmonisent pas avec notre mission et notre philosophie, de m\u00eame qu\u2019\u00e0 faire en sorte que l\u2019utilisation que vous faites de notre site soit conforme aux lois, aux r\u00e8gles et aux r\u00e8glements pertinents.<\/p>\n\n\n\n<h2 class=\"wp-block-heading\"><strong>U<strong>tilisation et contenu interdits<\/strong><\/strong><\/h2>\n\n\n\n<p>En r\u00e8gle g\u00e9n\u00e9rale, en utilisant le site, vous ne pouvez faire d\u2019intervention (y compris la publication de tout contenu) qui, \u00e0 la discr\u00e9tion exclusive de la MARQUE, est contraire \u00e0 notre philosophie et \u00e0 nos pratiques en mati\u00e8re de publicit\u00e9, de marketing ou autres ou qui, autrement, d\u00e9roge aux lois, aux r\u00e8gles et aux r\u00e8glements applicables.<\/p>\n\n\n\n<p>La liste ci-dessous pr\u00e9sente des exemples d\u2019intervention et de contenu interdits dans notre site. Veuillez en prendre connaissance attentivement. Vous devez vous conformer avec rigueur \u00e0 ces interdictions et, \u00e0 d\u00e9faut de le faire, vos droits de membres pourraient \u00eatre suspendus \u00e0 l\u2019\u00e9gard du site et\/ou votre responsabilit\u00e9 juridique et financi\u00e8re pourrait \u00eatre engag\u00e9e, entre autres cons\u00e9quences. Ainsi, vos interventions, y compris la publication de contenu dans ce site ne doivent pas&nbsp;:<\/p>\n\n\n\n<p>Contrevenir aux normes de la d\u00e9cence publique et du respect d\u2019autrui g\u00e9n\u00e9ralement admises. Par exemple, le contenu ne doit pas&nbsp;:<\/p>\n\n\n\n<ul class=\"wp-block-list\"><li>Contenir des propos d\u00e9sobligeants ou autrement d\u00e9nigrants fond\u00e9s sur la race, la couleur, l\u2019ethnicit\u00e9, l\u2019origine nationale, le sexe, la pr\u00e9f\u00e9rence sexuelle, l\u2019orientation sexuelle, la religion, l\u2019\u00e2ge ou un handicap visant tout groupe ou toute personne;<\/li><li>Faire la promotion du fanatisme, de la haine et d\u2019atteintes physiques de tout type visant tout groupe ou toute personne ou entit\u00e9;<\/li><li>Harceler, intimider ou plaider en faveur du harc\u00e8lement ou de l\u2019intimidation d\u2019un autre groupe ou d\u2019une autre personne ou entit\u00e9, y compris en utilisant toute information obtenue au moyen du site pour faire du tort \u00e0 un autre groupe ou \u00e0 une autre personne ou entit\u00e9 ou en abuser;<\/li><li>Pr\u00e9senter des sc\u00e8nes de nudit\u00e9, sexuellement explicites ou suggestives, de violence ou d\u2019abus ou d\u2019autres sujets obsc\u00e8nes ou choquants;<\/li><li>Contenir un lien vers un site Web pour adultes ou tout site Web dont l\u2019audience est constitu\u00e9e de moins de 70&nbsp;% de personnes ayant atteint l\u2019\u00e2ge l\u00e9gal de consommer de l\u2019alcool.<\/li><li>Recourir au blasph\u00e8me ou \u00e0 tout langage vulgaire;<\/li><li>Contribuer, promouvoir, d\u00e9crire, mettre en \u00e9vidence ou communiquer des indications au sujet d\u2019activit\u00e9s criminelles ou ill\u00e9gales, d\u2019utilisation de drogues, de vente de drogues, de jeux d&#8217;argent, de vol, de fraude ou de toute conduite discriminatoire, violente, abusive, mena\u00e7ante, obsc\u00e8ne ou autrement de mauvais go\u00fbt.<\/li><\/ul>\n\n\n\n<p>Recourir \u00e0 des repr\u00e9sentations ou \u00e0 des \u00e9vocations inacceptables de l\u2019alcool. Par exemple, le contenu ne doit pas&nbsp;:<\/p>\n\n\n\n<ul class=\"wp-block-list\"><li>Pr\u00e9senter, communiquer avec, ni solliciter quiconque n\u2019a pas atteint l\u2019\u00e2ge l\u00e9gal de consommer de l\u2019alcool;<\/li><li>Promouvoir ou pr\u00e9senter des beuveries abusives ou s\u2019en amuser;<\/li><li>Repr\u00e9senter la consommation d\u2019alcool par des personnes qui n\u2019ont pas atteint l\u2019\u00e2ge l\u00e9gal pour ce faire ni par des femmes enceintes;<\/li><li>Pr\u00e9senter une personne conduisant tout v\u00e9hicule motoris\u00e9 en consommant de l&#8217;alcool ou apr\u00e8s en avoir consomm\u00e9 ou participant \u00e0 toute activit\u00e9 exigeant de la vigilance ou de la coordination motrice de haut niveau dans ces conditions;<\/li><li>Contenir des \u00e9l\u00e9ments exer\u00e7ant un attrait consid\u00e9rable chez les personnes qui n\u2019ont pas l\u2019\u00e2ge l\u00e9gal leur permettant de consommer de l\u2019alcool;<\/li><li>Formuler des opinions sur d&#8217;\u00e9ventuels bienfaits de l&#8217;alcool.<\/li><\/ul>\n\n\n\n<p>Contrevenir \u00e0 des droits de propri\u00e9t\u00e9 intellectuelle, de publicit\u00e9, de confidentialit\u00e9 ou d&#8217;autres droits d&#8217;autrui. Par exemple, le contenu ne doit pas&nbsp;:<\/p>\n\n\n\n<ul class=\"wp-block-list\"><li>Constituer ou promouvoir une copie ill\u00e9gale ou non autoris\u00e9e du travail faisant l\u2019objet d\u2019un droit d\u2019auteur d\u2019une autre personne, par exemple en fournissant des programmes informatiques pirat\u00e9s ou des liens vers ceux-ci ou en fournissant de la musique pirat\u00e9e ou des liens vers de tels fichiers;<\/li><li>Impliquer la transmission de \u00ab&nbsp;pourriels&nbsp;\u00bb, de \u00ab&nbsp;cha\u00eenes de lettres&nbsp;\u00bb, d\u2019envois massifs non sollicit\u00e9s ou de \u00ab&nbsp;pollupostage&nbsp;\u00bb;<\/li><li>Publier de l\u2019information comportant pour quiconque un risque en mati\u00e8re de confidentialit\u00e9 ou de s\u00e9curit\u00e9;<\/li><li>Contenir des pages auxquelles l\u2019acc\u00e8s est restreint ou qui exigent un mot de passe, ou des pages ou des images cach\u00e9es (non li\u00e9es \u00e0 une autre page accessible ou y figurant);<\/li><li>Contenir tout programme ou mat\u00e9riel comprenant un code malveillant, par exemple des virus informatiques, des bombes \u00e0 retardement, des chevaux de Troie, des logiciels espions ou tout autre programme ou mat\u00e9riel semblable pouvant nuire au fonctionnement de l&#8217;ordinateur d&#8217;une autre personne;<\/li><li>Solliciter ou recueillir \u00e0 des fins commerciales ou ill\u00e9gales des mots de passe ou des renseignements personnels permettant d\u2019identifier les gens;<\/li><li>Int\u00e9grer, se reporter \u00e0, ou utiliser autrement le nom, la voix, l\u2019image, toute repr\u00e9sentation semblable, l\u2019identification personnelle, la personnalit\u00e9 ou les interventions de toute personne, que ce soit sous forme de photographie, de fichier audio, de vid\u00e9o ou d\u2019autre type d\u2019enregistrement ou autrement sans en avoir d\u2019abord obtenu l\u2019autorisation expresse de la personne concern\u00e9e;<\/li><li>Violer ou transgresser tout droit d\u2019auteur, marque de commerce, marque de service ou toute autre propri\u00e9t\u00e9 intellectuelle ou tout droit de propri\u00e9t\u00e9 de toute personne ou entit\u00e9;<\/li><li>Agir de mani\u00e8re diffamatoire ou calomnieuse ou violer, ou transgresser les droits de publicit\u00e9 ou de confidentialit\u00e9, ou de contrat ou tout autre droit d&#8217;une quelconque personne ou entit\u00e9;<\/li><li>Traiter de fa\u00e7on n\u00e9gative de la MARQUE, d\u2019E. &amp; J. Gallo Winery, de leur r\u00e9putation, de leur client\u00e8le ou de leurs produits et services respectifs ou du nom, de la r\u00e9putation ou de la client\u00e8le de toute compagnie concurrente, de ses produits ou services ou de toute personne, soci\u00e9t\u00e9 ou marque ou y faire r\u00e9f\u00e9rence de mani\u00e8re d\u00e9nigrante ou autrement nuisible;<\/li><li>Comporter de la promotion ou une recommandation, qu\u2019elles soient intentionnelles ou implicites, de tout produit, logiciel ou service ou de toute application;<\/li><li>Pr\u00e9senter du mat\u00e9riel faisant l\u2019objet d\u2019une marque de commerce (noms de soci\u00e9t\u00e9, \u00e9quipes sportives, \u00e9missions de t\u00e9l\u00e9, films, c\u00e9l\u00e9brit\u00e9s, chansons, \u0153uvres d\u2019art, recettes, etc.) sans avoir d\u2019abord obtenu le consentement \u00e9crit du propri\u00e9taire de la marque de commerce l\u2019autorisant express\u00e9ment;<\/li><li>Comprendre ou \u00e9voquer le nom ou pr\u00e9senter des photographies de c\u00e9l\u00e9brit\u00e9s sans avoir d\u2019abord obtenu leur consentement \u00e9crit l\u2019autorisant express\u00e9ment;<\/li><li>Inciter a) \u00e0 recourir au compte, au nom d&#8217;utilisateur, au mot de passe (lorsqu&#8217;il y a lieu) ou \u00e0 tout autre renseignement personnel permettant l&#8217;identification d&#8217;un autre utilisateur ou faire en sorte que cela se produise, et ce, \u00e0 tout moment; b) \u00e0 divulguer votre nom d&#8217;utilisateur ou votre mot de passe (lorsqu&#8217;il y a lieu) \u00e0 toute tierce partie ou faire en sorte que cela se produise ou c)&nbsp;toute tierce partie \u00e0 acc\u00e9der \u00e0 votre compte (lorsqu\u2019il y a lieu) afin d\u2019utiliser toute section, caract\u00e9ristique ou fonction du site ou \u00e0 une autre fin quelconque;<\/li><li>Personnifier ou tenter de personnifier tout autre utilisateur ou toute autre personne ou entit\u00e9;<\/li><li>Avoir pour effet de vendre ou de c\u00e9der autrement votre profil;<\/li><li>Recourir \u00e0 tout lien profond, dispositif d\u2019extraction, collecteur, robot Web, robot d&#8217;indexation, index, agent Internet ou autre dispositif automatique, programme, algorithme ou technologie qui agit de la m\u00eame fa\u00e7on, afin d\u2019utiliser, de copier ou d\u2019acqu\u00e9rir de l\u2019information ou de produire des impressions, d\u2019int\u00e9grer de l\u2019information, d\u2019entreposer de l\u2019information, de chercher, de produire des recherches ou de surveiller toute partie de ce site ou \u00e0 autrement permettre l\u2019utilisation non autoris\u00e9e d\u2019un ordinateur ou d\u2019un r\u00e9seau informatique ou d\u2019y acc\u00e9der;<\/li><li>D\u00e9courager ou emp\u00eacher toute personne ou entit\u00e9 d\u2019utiliser toute partie, fonctionnalit\u00e9 ou fonction du site, faire obstacle \u00e0 une telle utilisation ou la restreindre.<\/li><\/ul>\n\n\n\n<p>Transgresser les droits d\u2019autrui. Par exemple, le contenu ne doit pas&nbsp;:<\/p>\n\n\n\n<ul class=\"wp-block-list\"><li>Entra\u00eener l\u2019annonce commerciale non autoris\u00e9e sur votre profil ou l\u2019acceptation d\u2019un paiement ou de quoi que ce soit de pr\u00e9cieux provenant d&#8217;une tierce partie en \u00e9change de toute activit\u00e9 commerciale pratiqu\u00e9e par vous en utilisant de mani\u00e8re non autoris\u00e9e ou interdite le site au nom de la personne en question, par exemple en pr\u00e9sentant du contenu commercial dans votre profil, en publiant un billet de blogue ou des bulletins con\u00e7us \u00e0 des fins commerciales ou en transmettant des messages priv\u00e9s en poursuivant un objectif commercial;<\/li><li>Constituer de l\u2019information que vous tenez pour fausse, trompeuse, d\u00e9loyale, mensong\u00e8re ou induisant autrui en erreur ou de l\u2019information que vous devriez raisonnablement tenir pour fausse, trompeuse, d\u00e9loyale, mensong\u00e8re ou induisant autrui en erreur;<\/li><li>Impliquer des activit\u00e9s commerciales et\/ou des ventes, par exemple des concours, des sweepstakes, des trocs publicitaires ou de la publicit\u00e9;<\/li><li>Contenir des renseignements au sujet des \u00e9v\u00e9nements de la MARQUE ou d\u2019E. &amp; J. Gallo Winery non approuv\u00e9s par la MARQUE et\/ou E. &amp; J. Gallo Winery et leur service de conformit\u00e9, y compris la divulgation des \u00e9tablissements de d\u00e9tail o\u00f9 ont lieu les \u00e9v\u00e9nements en question;<\/li><li>Faire \u00e9tat d\u2019all\u00e9geances politiques, d\u00e9signer les forces arm\u00e9es ou pr\u00e9senter le drapeau, l\u2019\u00e9cusson, le sceau, les armoiries ou tout autre insigne d\u2019un quelconque pays;<\/li><li>Transgresser ou enfreindre autrement toute loi, tout r\u00e8glement ou tout trait\u00e9 (y compris sans s\u2019y limiter, les lois r\u00e9gissant l\u2019exportation de produits ou d\u2019information provenant des \u00c9tats-Unis) ou les conditions.<\/li><\/ul>\n\n\n\n<h2 class=\"wp-block-heading\"><strong>M<strong>odifications \u00e0 cette politique d\u2019utilisation acceptable<\/strong><\/strong><\/h2>\n\n\n\n<p>Nous pouvons modifier ou annuler cette PUA \u00e0 tout moment. Toute modification ou annulation prendra effet au moment o\u00f9 la PUA modifi\u00e9e sera publi\u00e9e sur le Site. Nous vous aviserons de toute modification substantielle \u00e0 la PUA. Un avis de modification importante pourra \u00eatre affich\u00e9 sur le site, vous \u00eatre envoy\u00e9 par courriel, affich\u00e9 au moment de l\u2019ouverture d\u2019une session et\/ou communiqu\u00e9 par tout autre moyen que nous jugerons appropri\u00e9. Chaque fois que vous utiliserez le site, vous devrez consulter et examiner la version de la PUA alors en vigueur \u00e0 son endroit. Si vous continuez d\u2019utiliser le site apr\u00e8s que la PUA actualis\u00e9e ait \u00e9t\u00e9 affich\u00e9e, cela signifie que vous l\u2019acceptez.<\/p>\n\n\n\n<p>La date d\u2019entr\u00e9e en vigueur de cette Politique d\u2019utilisation acceptable est Octobre\u00a02022.<\/p>\n","protected":false},"excerpt":{"rendered":"<p>Introduction Cette Politique d&#8217;utilisation acceptable (\u00ab&nbsp;PUA&nbsp;\u00bb) favorise l\u2019utilisation responsable du site Web (\u00ab&nbsp;site&nbsp;\u00bb) de la MARQUE (\u00ab&nbsp;MARQUE&nbsp;\u00bb ou \u00ab&nbsp;nous&nbsp;\u00bb) et de toute fonction ou fonctionnalit\u00e9 rendue disponible au moyen du site Web de la MARQUE (site). La PUA est incorpor\u00e9e par renvoi aux Conditions d\u2019utilisation de notre site. Les termes en majuscules non d\u00e9finis dans [&hellip;]<\/p>\n","protected":false},"author":2,"featured_media":0,"parent":0,"menu_order":0,"comment_status":"closed","ping_status":"closed","template":"","meta":{"_acf_changed":false,"_seopress_robots_primary_cat":"","_seopress_titles_title":"","_seopress_titles_desc":"","_seopress_robots_index":"","footnotes":""},"class_list":["post-788","page","type-page","status-publish","hentry"],"acf":[],"_links":{"self":[{"href":"https:\/\/www.rumchata.ca\/fr\/wp-json\/wp\/v2\/pages\/788","targetHints":{"allow":["GET"]}}],"collection":[{"href":"https:\/\/www.rumchata.ca\/fr\/wp-json\/wp\/v2\/pages"}],"about":[{"href":"https:\/\/www.rumchata.ca\/fr\/wp-json\/wp\/v2\/types\/page"}],"author":[{"embeddable":true,"href":"https:\/\/www.rumchata.ca\/fr\/wp-json\/wp\/v2\/users\/2"}],"replies":[{"embeddable":true,"href":"https:\/\/www.rumchata.ca\/fr\/wp-json\/wp\/v2\/comments?post=788"}],"version-history":[{"count":2,"href":"https:\/\/www.rumchata.ca\/fr\/wp-json\/wp\/v2\/pages\/788\/revisions"}],"predecessor-version":[{"id":951,"href":"https:\/\/www.rumchata.ca\/fr\/wp-json\/wp\/v2\/pages\/788\/revisions\/951"}],"wp:attachment":[{"href":"https:\/\/www.rumchata.ca\/fr\/wp-json\/wp\/v2\/media?parent=788"}],"curies":[{"name":"wp","href":"https:\/\/api.w.org\/{rel}","templated":true}]}}