{"id":686,"date":"2022-10-13T16:04:03","date_gmt":"2022-10-13T20:04:03","guid":{"rendered":"https:\/\/rumchata.graphical-media.com\/where-to-buy\/"},"modified":"2025-07-30T13:58:08","modified_gmt":"2025-07-30T17:58:08","slug":"ou-acheter","status":"publish","type":"page","link":"https:\/\/www.rumchata.ca\/fr\/ou-acheter\/","title":{"rendered":"O\u00f9 Acheter"},"content":{"rendered":"","protected":false},"excerpt":{"rendered":"","protected":false},"author":2,"featured_media":0,"parent":0,"menu_order":0,"comment_status":"closed","ping_status":"closed","template":"","meta":{"_acf_changed":false,"_seopress_robots_primary_cat":"","_seopress_titles_title":"O\u00f9 acheter | RumChata","_seopress_titles_desc":"D\u00e9couvrez o\u00f9 vous procurer votre boisson RumChata favorite. Optez pour l\u2019inhabituel.","_seopress_robots_index":"","footnotes":""},"class_list":["post-686","page","type-page","status-publish","hentry"],"acf":[],"_links":{"self":[{"href":"https:\/\/www.rumchata.ca\/fr\/wp-json\/wp\/v2\/pages\/686","targetHints":{"allow":["GET"]}}],"collection":[{"href":"https:\/\/www.rumchata.ca\/fr\/wp-json\/wp\/v2\/pages"}],"about":[{"href":"https:\/\/www.rumchata.ca\/fr\/wp-json\/wp\/v2\/types\/page"}],"author":[{"embeddable":true,"href":"https:\/\/www.rumchata.ca\/fr\/wp-json\/wp\/v2\/users\/2"}],"replies":[{"embeddable":true,"href":"https:\/\/www.rumchata.ca\/fr\/wp-json\/wp\/v2\/comments?post=686"}],"version-history":[{"count":5,"href":"https:\/\/www.rumchata.ca\/fr\/wp-json\/wp\/v2\/pages\/686\/revisions"}],"predecessor-version":[{"id":1622,"href":"https:\/\/www.rumchata.ca\/fr\/wp-json\/wp\/v2\/pages\/686\/revisions\/1622"}],"wp:attachment":[{"href":"https:\/\/www.rumchata.ca\/fr\/wp-json\/wp\/v2\/media?parent=686"}],"curies":[{"name":"wp","href":"https:\/\/api.w.org\/{rel}","templated":true}]}}