{"id":682,"date":"2022-10-05T19:32:39","date_gmt":"2022-10-05T23:32:39","guid":{"rendered":"https:\/\/rumchata.graphical-media.com\/home\/"},"modified":"2023-05-02T14:58:14","modified_gmt":"2023-05-02T18:58:14","slug":"home","status":"publish","type":"page","link":"https:\/\/www.rumchata.ca\/fr\/","title":{"rendered":"Accueil"},"content":{"rendered":"","protected":false},"excerpt":{"rendered":"","protected":false},"author":2,"featured_media":0,"parent":0,"menu_order":0,"comment_status":"closed","ping_status":"closed","template":"","meta":{"_acf_changed":false,"_seopress_robots_primary_cat":"","_seopress_titles_title":"RumChata | Optez pour l\u2019inhabituel","_seopress_titles_desc":"RumChata, une liqueur de cr\u00e8me d\u00e9licieuse, onctueuse et tellement polyvalente. \u00c0 siroter, \u00e0 m\u00e9langer ou \u00e0 verser sur de la glace. Les possibilit\u00e9s sont infinies gr\u00e2ce \u00e0 notre gamme de produits et de recettes.","_seopress_robots_index":"","footnotes":""},"class_list":["post-682","page","type-page","status-publish","hentry"],"acf":[],"_links":{"self":[{"href":"https:\/\/www.rumchata.ca\/fr\/wp-json\/wp\/v2\/pages\/682","targetHints":{"allow":["GET"]}}],"collection":[{"href":"https:\/\/www.rumchata.ca\/fr\/wp-json\/wp\/v2\/pages"}],"about":[{"href":"https:\/\/www.rumchata.ca\/fr\/wp-json\/wp\/v2\/types\/page"}],"author":[{"embeddable":true,"href":"https:\/\/www.rumchata.ca\/fr\/wp-json\/wp\/v2\/users\/2"}],"replies":[{"embeddable":true,"href":"https:\/\/www.rumchata.ca\/fr\/wp-json\/wp\/v2\/comments?post=682"}],"version-history":[{"count":5,"href":"https:\/\/www.rumchata.ca\/fr\/wp-json\/wp\/v2\/pages\/682\/revisions"}],"predecessor-version":[{"id":1514,"href":"https:\/\/www.rumchata.ca\/fr\/wp-json\/wp\/v2\/pages\/682\/revisions\/1514"}],"wp:attachment":[{"href":"https:\/\/www.rumchata.ca\/fr\/wp-json\/wp\/v2\/media?parent=682"}],"curies":[{"name":"wp","href":"https:\/\/api.w.org\/{rel}","templated":true}]}}