{"id":1406,"date":"2023-04-19T10:48:55","date_gmt":"2023-04-19T14:48:55","guid":{"rendered":"https:\/\/www.rumchata.ca\/about-us\/"},"modified":"2023-04-27T12:00:22","modified_gmt":"2023-04-27T16:00:22","slug":"a-propos","status":"publish","type":"page","link":"https:\/\/www.rumchata.ca\/fr\/a-propos\/","title":{"rendered":"\u00c0 Propos"},"content":{"rendered":"","protected":false},"excerpt":{"rendered":"","protected":false},"author":2,"featured_media":0,"parent":0,"menu_order":0,"comment_status":"closed","ping_status":"closed","template":"","meta":{"_acf_changed":false,"_seopress_robots_primary_cat":"","_seopress_titles_title":"\u00c0 propos | RumChata","_seopress_titles_desc":"D\u00e9couvrez l\u2019histoire de RumChata, la boisson \u00e0 la cr\u00e8me de premi\u00e8re qualit\u00e9 qui amalgame les saveurs des \u00e9pices mexicaines, du rhum des Cara\u00efbes et de la v\u00e9ritable cr\u00e8me laiti\u00e8re pour cr\u00e9er un go\u00fbt d\u00e9licieux et unique.","_seopress_robots_index":"","footnotes":""},"class_list":["post-1406","page","type-page","status-publish","hentry"],"acf":[],"_links":{"self":[{"href":"https:\/\/www.rumchata.ca\/fr\/wp-json\/wp\/v2\/pages\/1406","targetHints":{"allow":["GET"]}}],"collection":[{"href":"https:\/\/www.rumchata.ca\/fr\/wp-json\/wp\/v2\/pages"}],"about":[{"href":"https:\/\/www.rumchata.ca\/fr\/wp-json\/wp\/v2\/types\/page"}],"author":[{"embeddable":true,"href":"https:\/\/www.rumchata.ca\/fr\/wp-json\/wp\/v2\/users\/2"}],"replies":[{"embeddable":true,"href":"https:\/\/www.rumchata.ca\/fr\/wp-json\/wp\/v2\/comments?post=1406"}],"version-history":[{"count":4,"href":"https:\/\/www.rumchata.ca\/fr\/wp-json\/wp\/v2\/pages\/1406\/revisions"}],"predecessor-version":[{"id":1410,"href":"https:\/\/www.rumchata.ca\/fr\/wp-json\/wp\/v2\/pages\/1406\/revisions\/1410"}],"wp:attachment":[{"href":"https:\/\/www.rumchata.ca\/fr\/wp-json\/wp\/v2\/media?parent=1406"}],"curies":[{"name":"wp","href":"https:\/\/api.w.org\/{rel}","templated":true}]}}